{"id":18,"date":"2017-09-11T18:47:50","date_gmt":"2017-09-11T18:47:50","guid":{"rendered":"http:\/\/rag-festunggrauerort.de\/?page_id=18"},"modified":"2023-10-21T17:30:51","modified_gmt":"2023-10-21T17:30:51","slug":"wir-ueber-uns","status":"publish","type":"page","link":"https:\/\/rag-stadezurkaiserzeit.de\/?page_id=18","title":{"rendered":"Wir \u00fcber uns"},"content":{"rendered":"<p><strong>Wer sind wir?<\/strong><\/p>\n<p>Die Reservistenarbeitsgemeinschaft (RAG) mit dem Namen &#8222;Stade zur Kaiserzeit&#8220; wurde am 01.10.2004 aus der Reservistenkameradschaft (RK) Stade gegr\u00fcndet.<\/p>\n<p><strong>Was wollen wir?<\/strong><\/p>\n<p>Der heutige Zweck der RAG ist die Darstellung der Preu\u00dfischen Milit\u00e4rgeschichte und des 1. Hanseatischen Infanterieregiments Nr. 75 in Stade, in Wort, Bild und Schrift sowie jede damit verbundene T\u00e4tigkeit.<\/p>\n<p><strong>Was machen wir?<\/strong><\/p>\n<p>Wir pflegen das gesellige Beisammensein und des Infanterieregiments Nr. 75 in Stade, Ausr\u00fcstung in historischer Uniform zu verschiedensten Veranstaltungen in Stade.<\/p>\n<p><strong>Was suchen wir?<\/strong><\/p>\n<p>Mitglieder, egal ob aktiv oder passiv, Infomaterial zur Preu\u00dfischen Geschichte in Stade, Sponsoren mit Interesse an unserer Arbeit, die uns wirkungsvoll unterst\u00fctzen wollen.<\/p>\n<p>&nbsp;<\/p>\n<p><img loading=\"lazy\" decoding=\"async\" class=\"aligncenter wp-image-19\" src=\"http:\/\/rag-festunggrauerort.de\/wp-content\/uploads\/2017\/09\/2004-Gr\u00fcndungsbild-RAG-300x225.jpg\" alt=\"\" width=\"331\" height=\"252\" \/><\/p>\n<p>&nbsp;<\/p>\n<p>&nbsp;<\/p>\n","protected":false},"excerpt":{"rendered":"<p>Wer sind wir? Die Reservistenarbeitsgemeinschaft (RAG) mit dem Namen &#8222;Stade zur Kaiserzeit&#8220; wurde am 01.10.2004 aus der Reservistenkameradschaft (RK) Stade gegr\u00fcndet. Was wollen wir? Der heutige Zweck der RAG ist die Darstellung der Preu\u00dfischen Milit\u00e4rgeschichte und des 1. Hanseatischen Infanterieregiments &hellip; <a href=\"https:\/\/rag-stadezurkaiserzeit.de\/?page_id=18\">Weiterlesen <span class=\"meta-nav\">&rarr;<\/span><\/a><\/p>\n","protected":false},"author":1,"featured_media":0,"parent":0,"menu_order":0,"comment_status":"closed","ping_status":"closed","template":"","meta":{"footnotes":""},"class_list":["post-18","page","type-page","status-publish","hentry"],"_links":{"self":[{"href":"https:\/\/rag-stadezurkaiserzeit.de\/index.php?rest_route=\/wp\/v2\/pages\/18","targetHints":{"allow":["GET"]}}],"collection":[{"href":"https:\/\/rag-stadezurkaiserzeit.de\/index.php?rest_route=\/wp\/v2\/pages"}],"about":[{"href":"https:\/\/rag-stadezurkaiserzeit.de\/index.php?rest_route=\/wp\/v2\/types\/page"}],"author":[{"embeddable":true,"href":"https:\/\/rag-stadezurkaiserzeit.de\/index.php?rest_route=\/wp\/v2\/users\/1"}],"replies":[{"embeddable":true,"href":"https:\/\/rag-stadezurkaiserzeit.de\/index.php?rest_route=%2Fwp%2Fv2%2Fcomments&post=18"}],"version-history":[{"count":2,"href":"https:\/\/rag-stadezurkaiserzeit.de\/index.php?rest_route=\/wp\/v2\/pages\/18\/revisions"}],"predecessor-version":[{"id":228,"href":"https:\/\/rag-stadezurkaiserzeit.de\/index.php?rest_route=\/wp\/v2\/pages\/18\/revisions\/228"}],"wp:attachment":[{"href":"https:\/\/rag-stadezurkaiserzeit.de\/index.php?rest_route=%2Fwp%2Fv2%2Fmedia&parent=18"}],"curies":[{"name":"wp","href":"https:\/\/api.w.org\/{rel}","templated":true}]}}