{"id":144,"date":"2018-05-23T19:21:15","date_gmt":"2018-05-23T19:21:15","guid":{"rendered":"http:\/\/rag-festunggrauerort.de\/?page_id=144"},"modified":"2023-10-21T17:53:30","modified_gmt":"2023-10-21T17:53:30","slug":"impressum","status":"publish","type":"page","link":"https:\/\/rag-stadezurkaiserzeit.de\/?page_id=144","title":{"rendered":"Impressum"},"content":{"rendered":"<p>Dieser Internetauftritt wird von der Reservistenarbeitsgemeinschaft Stade zur Kaiserzeit (einer Untergliederung des Verbandes der Reservisten der Deutschen Bundeswehr e. V. (Reservistenverband)) betrieben. Herausgeber ist Markus Teichmann.<\/p>\n<p>Anschrift<br \/>\nVerband der Reservisten der Deutschen Bundeswehr e. V.<br \/>\nBundesgesch\u00e4ftsstelle<br \/>\nZeppelinstra\u00dfe 7 A<br \/>\n53177 Bonn<br \/>\nDeutschland<\/p>\n<p>Telefon: +49 (0) 228-25909-0<br \/>\nFax: +49 (0) 228-25909-99<br \/>\nE-Mail: info@reservistenverband.de<\/p>\n<p>Der Reservistenverband ist ein rechtsf\u00e4higer Verein (juristische Person) und wird gegen\u00fcber Dritten vom Pr\u00e4sidium vertreten* (siehe Satzung). Der Reservistenverband ist beim Registergericht Berlin-Charlottenburg unter der Registernummer: VR 35038 eingetragen. Der Verband wird durch den Pr\u00e4sidenten oder einen seiner Stellvertreter und einem weiteren Mitglied des Pr\u00e4sidiums gemeinsam vertreten. Sie sind berechtigt, Vollmachten zu erteilen.<\/p>\n<p>Pr\u00e4sident ist\u00a0<b>Prof. Dr. Patrick Sensburg MdB.\u00a0<\/b><br \/>\nStellvertreter des Pr\u00e4sidenten<b>: Thomas Erndl MdB und Pascal Kober MdB.<\/b><br \/>\nBundesgesch\u00e4ftsf\u00fchrer des Reservistenverbandes ist<b>\u00a0Christoph Max vom Hagen<\/b>.<br \/>\nGef\u00fchrt wird der Verband vom Pr\u00e4sidium.<\/p>\n","protected":false},"excerpt":{"rendered":"<p>Dieser Internetauftritt wird von der Reservistenarbeitsgemeinschaft Stade zur Kaiserzeit (einer Untergliederung des Verbandes der Reservisten der Deutschen Bundeswehr e. V. (Reservistenverband)) betrieben. Herausgeber ist Markus Teichmann. Anschrift Verband der Reservisten der Deutschen Bundeswehr e. V. Bundesgesch\u00e4ftsstelle Zeppelinstra\u00dfe 7 A 53177 &hellip; <a href=\"https:\/\/rag-stadezurkaiserzeit.de\/?page_id=144\">Weiterlesen <span class=\"meta-nav\">&rarr;<\/span><\/a><\/p>\n","protected":false},"author":1,"featured_media":0,"parent":0,"menu_order":0,"comment_status":"closed","ping_status":"closed","template":"","meta":{"footnotes":""},"class_list":["post-144","page","type-page","status-publish","hentry"],"_links":{"self":[{"href":"https:\/\/rag-stadezurkaiserzeit.de\/index.php?rest_route=\/wp\/v2\/pages\/144","targetHints":{"allow":["GET"]}}],"collection":[{"href":"https:\/\/rag-stadezurkaiserzeit.de\/index.php?rest_route=\/wp\/v2\/pages"}],"about":[{"href":"https:\/\/rag-stadezurkaiserzeit.de\/index.php?rest_route=\/wp\/v2\/types\/page"}],"author":[{"embeddable":true,"href":"https:\/\/rag-stadezurkaiserzeit.de\/index.php?rest_route=\/wp\/v2\/users\/1"}],"replies":[{"embeddable":true,"href":"https:\/\/rag-stadezurkaiserzeit.de\/index.php?rest_route=%2Fwp%2Fv2%2Fcomments&post=144"}],"version-history":[{"count":3,"href":"https:\/\/rag-stadezurkaiserzeit.de\/index.php?rest_route=\/wp\/v2\/pages\/144\/revisions"}],"predecessor-version":[{"id":231,"href":"https:\/\/rag-stadezurkaiserzeit.de\/index.php?rest_route=\/wp\/v2\/pages\/144\/revisions\/231"}],"wp:attachment":[{"href":"https:\/\/rag-stadezurkaiserzeit.de\/index.php?rest_route=%2Fwp%2Fv2%2Fmedia&parent=144"}],"curies":[{"name":"wp","href":"https:\/\/api.w.org\/{rel}","templated":true}]}}