{"id":100,"date":"2018-03-08T20:01:20","date_gmt":"2018-03-08T20:01:20","guid":{"rendered":"http:\/\/rag-festunggrauerort.de\/?page_id=100"},"modified":"2018-03-08T20:36:42","modified_gmt":"2018-03-08T20:36:42","slug":"festungstage-2018","status":"publish","type":"page","link":"https:\/\/rag-stadezurkaiserzeit.de\/?page_id=100","title":{"rendered":"Festungstage 2018"},"content":{"rendered":"<p><strong>Einladung zu den Festungstagen Grauerort am 26.05. &amp; 27.05.2018<\/strong><\/p>\n<p>Verehrte Darsteller und Freunde des Reenactments,<\/p>\n<p>Die Reservistenarbeitsgemeinschaft Festung Grauerort m\u00f6chte Euch auch dieses Jahr wieder zu ihren Festungstagen recht herzlich einladen. Beginn der Veranstaltung ist am Samstag 26.05.2018 um 10.00 Uhr und Ende ist am Sonntag um 16.00 Uhr. Ab Freitag den 25.05.2018, 12.00 Uhr ist die Festung besetzt und daher eine Anreise m\u00f6glich.<\/p>\n<p>Die Unterbringung der Teilnehmer erfolgt dann in den R\u00e4umen der Festungsanlage, aber es k\u00f6nnen auch eigene Zelte mitgebracht und auf dem Biwak Platz\u00a0 aufgebaut werden, (sie sollten nat\u00fcrlich der Zeit entsprechen).<\/p>\n<p>F\u00fcr die n\u00f6tigen Schlafunterlagen hat jeder selbst zu sorgen.<\/p>\n<p>Der Fourier hat f\u00fcr die Verpflegung, (Fr\u00fchst\u00fcck, Mittag, Abend) gesorgt. Getr\u00e4nke k\u00f6nnen vor Ort erworben oder selbst mit gebracht werden.<\/p>\n<p>Es entsteht f\u00fcr beide Tage ein Unkostenbeitrag von <strong>15.00 Euro<\/strong>.<\/p>\n<p>Sch\u00f6n w\u00e4re es auch, wenn der Eine oder Andere sich mit seiner Sammlung oder Darstellung repr\u00e4sentiert, und somit den Besuchern einen Eindruck der damaligen Zeit vermittelt.<\/p>\n<p>F\u00fcr die B\u00f6ller- und Artilleriegruppen ist eine min. Schu\u00dfzahl von 20 Schu\u00df pro Gesch\u00fctz vorgesehen, eine entsprechende Genehmigung liegt vor. Die Gesch\u00fctze werden in den daf\u00fcr vorgesehenen ehemaligen Stellungen untergebracht.<\/p>\n<p>Der Ablauf wird Zeitnah bekannt gegeben.<\/p>\n<p><strong>Wichtig:<\/strong><\/p>\n<p><strong><u>Gebt bitte bei Eurer Anmeldung die Personenzahl bekannt, damit wir dementsprechend auch die<\/u><\/strong><u> <strong>Verpflegung beim Fourier ordern k\u00f6nnen.<\/strong><\/u><\/p>\n<p><a href=\"http:\/\/rag-festunggrauerort.de\/?page_id=110\"><strong><u>Bitte nutzt dazu das Anmeldeformular<\/u><\/strong><\/a><\/p>\n<p>Wir erwarten mit Freude Eure Anmeldung bis zum <strong><u>11.05.2018.<\/u><\/strong><\/p>\n<p>Mit kameradschaftlichem Gru\u00df<\/p>\n<p>Rainer Poppe<\/p>\n<p>Feldwebel \u2013 Leutnant \u00a0IR 75<\/p>\n<p>&nbsp;<\/p>\n<p>&nbsp;<\/p>\n<p><img loading=\"lazy\" decoding=\"async\" class=\"size-medium wp-image-104 alignright\" src=\"http:\/\/rag-festunggrauerort.de\/wp-content\/uploads\/2018\/03\/DSC4035_2\u00a9-300x200.jpg\" alt=\"\" width=\"300\" height=\"200\" srcset=\"https:\/\/rag-stadezurkaiserzeit.de\/wp-content\/uploads\/2018\/03\/DSC4035_2\u00a9-300x200.jpg 300w, https:\/\/rag-stadezurkaiserzeit.de\/wp-content\/uploads\/2018\/03\/DSC4035_2\u00a9-768x512.jpg 768w, https:\/\/rag-stadezurkaiserzeit.de\/wp-content\/uploads\/2018\/03\/DSC4035_2\u00a9.jpg 1024w, https:\/\/rag-stadezurkaiserzeit.de\/wp-content\/uploads\/2018\/03\/DSC4035_2\u00a9-450x300.jpg 450w\" sizes=\"auto, (max-width: 300px) 100vw, 300px\" \/> <img loading=\"lazy\" decoding=\"async\" class=\"size-medium wp-image-106 aligncenter\" src=\"http:\/\/rag-festunggrauerort.de\/wp-content\/uploads\/2018\/03\/DSC4085_2\u00a9-300x200.jpg\" alt=\"\" width=\"300\" height=\"200\" srcset=\"https:\/\/rag-stadezurkaiserzeit.de\/wp-content\/uploads\/2018\/03\/DSC4085_2\u00a9-300x200.jpg 300w, https:\/\/rag-stadezurkaiserzeit.de\/wp-content\/uploads\/2018\/03\/DSC4085_2\u00a9-768x512.jpg 768w, https:\/\/rag-stadezurkaiserzeit.de\/wp-content\/uploads\/2018\/03\/DSC4085_2\u00a9.jpg 1024w, https:\/\/rag-stadezurkaiserzeit.de\/wp-content\/uploads\/2018\/03\/DSC4085_2\u00a9-450x300.jpg 450w\" sizes=\"auto, (max-width: 300px) 100vw, 300px\" \/> <img loading=\"lazy\" decoding=\"async\" class=\"size-medium wp-image-107 alignleft\" src=\"http:\/\/rag-festunggrauerort.de\/wp-content\/uploads\/2018\/03\/DSC4194_2\u00a9-300x203.jpg\" alt=\"\" width=\"300\" height=\"203\" srcset=\"https:\/\/rag-stadezurkaiserzeit.de\/wp-content\/uploads\/2018\/03\/DSC4194_2\u00a9-300x203.jpg 300w, https:\/\/rag-stadezurkaiserzeit.de\/wp-content\/uploads\/2018\/03\/DSC4194_2\u00a9-768x519.jpg 768w, https:\/\/rag-stadezurkaiserzeit.de\/wp-content\/uploads\/2018\/03\/DSC4194_2\u00a9.jpg 1024w, https:\/\/rag-stadezurkaiserzeit.de\/wp-content\/uploads\/2018\/03\/DSC4194_2\u00a9-444x300.jpg 444w\" sizes=\"auto, (max-width: 300px) 100vw, 300px\" \/><\/p>\n<p>&nbsp;<\/p>\n<p>&nbsp;<\/p>\n<p>&nbsp;<\/p>\n<p>&nbsp;<\/p>\n<p>&nbsp;<\/p>\n<p>&nbsp;<\/p>\n<p>&nbsp;<\/p>\n","protected":false},"excerpt":{"rendered":"<p>Einladung zu den Festungstagen Grauerort am 26.05. &amp; 27.05.2018 Verehrte Darsteller und Freunde des Reenactments, Die Reservistenarbeitsgemeinschaft Festung Grauerort m\u00f6chte Euch auch dieses Jahr wieder zu ihren Festungstagen recht herzlich einladen. Beginn der Veranstaltung ist am Samstag 26.05.2018 um 10.00 &hellip; <a href=\"https:\/\/rag-stadezurkaiserzeit.de\/?page_id=100\">Weiterlesen <span class=\"meta-nav\">&rarr;<\/span><\/a><\/p>\n","protected":false},"author":1,"featured_media":106,"parent":0,"menu_order":0,"comment_status":"closed","ping_status":"closed","template":"","meta":{"footnotes":""},"class_list":["post-100","page","type-page","status-publish","has-post-thumbnail","hentry"],"_links":{"self":[{"href":"https:\/\/rag-stadezurkaiserzeit.de\/index.php?rest_route=\/wp\/v2\/pages\/100","targetHints":{"allow":["GET"]}}],"collection":[{"href":"https:\/\/rag-stadezurkaiserzeit.de\/index.php?rest_route=\/wp\/v2\/pages"}],"about":[{"href":"https:\/\/rag-stadezurkaiserzeit.de\/index.php?rest_route=\/wp\/v2\/types\/page"}],"author":[{"embeddable":true,"href":"https:\/\/rag-stadezurkaiserzeit.de\/index.php?rest_route=\/wp\/v2\/users\/1"}],"replies":[{"embeddable":true,"href":"https:\/\/rag-stadezurkaiserzeit.de\/index.php?rest_route=%2Fwp%2Fv2%2Fcomments&post=100"}],"version-history":[{"count":4,"href":"https:\/\/rag-stadezurkaiserzeit.de\/index.php?rest_route=\/wp\/v2\/pages\/100\/revisions"}],"predecessor-version":[{"id":115,"href":"https:\/\/rag-stadezurkaiserzeit.de\/index.php?rest_route=\/wp\/v2\/pages\/100\/revisions\/115"}],"wp:featuredmedia":[{"embeddable":true,"href":"https:\/\/rag-stadezurkaiserzeit.de\/index.php?rest_route=\/wp\/v2\/media\/106"}],"wp:attachment":[{"href":"https:\/\/rag-stadezurkaiserzeit.de\/index.php?rest_route=%2Fwp%2Fv2%2Fmedia&parent=100"}],"curies":[{"name":"wp","href":"https:\/\/api.w.org\/{rel}","templated":true}]}}